{"id":65,"date":"2015-08-02T01:52:13","date_gmt":"2015-08-02T04:52:13","guid":{"rendered":"http:\/\/cemeslab.com\/web-v2\/?page_id=65"},"modified":"2021-01-20T22:14:27","modified_gmt":"2021-01-21T01:14:27","slug":"examenes-preocupacionales-ocupacionales","status":"publish","type":"page","link":"https:\/\/cemeslab.com\/web\/examenes-preocupacionales-ocupacionales\/","title":{"rendered":"Ex\u00e1menes Preocupacionales &#8211; Ocupacionales"},"content":{"rendered":"<div id=\"pl-65\"  class=\"panel-layout\" ><div id=\"pg-65-0\"  class=\"panel-grid panel-no-style\" ><div id=\"pgc-65-0-0\"  class=\"panel-grid-cell\" ><div id=\"panel-65-0-0-0\" class=\"so-panel widget widget_black-studio-tinymce widget_black_studio_tinymce panel-first-child panel-last-child\" data-index=\"0\" ><div class=\"textwidget\"><p style=\"text-align: justify;\">Este servicio se orienta en el \u00e1rea de la salud ocupacional de las empresas. Implementamos una bater\u00eda de ex\u00e1menes que miden si el candidato est\u00e1 apto para el correcto desempe\u00f1o laboral.<\/p>\n<ul>\n<li style=\"text-align: justify;\">Ex\u00e1menes de Altura F\u00edsica<\/li>\n<li style=\"text-align: justify;\">Ex\u00e1menes de Altura Geogr\u00e1fica<\/li>\n<li style=\"text-align: justify;\">Ex\u00e1menes de Espacios Confinados<\/li>\n<li style=\"text-align: justify;\">Ex\u00e1menes con Exposici\u00f3n a Polvos Neumoconi\u00f3genos<\/li>\n<li style=\"text-align: justify;\">Ex\u00e1menes con Exposici\u00f3n a Ruidos<\/li>\n<li>Ex\u00e1menes para Manipuladores de Alimentos<\/li>\n<li style=\"text-align: justify;\">Ex\u00e1menes de Alcohol y Drogas<\/li>\n<\/ul>\n<p>Para mayor informaci\u00f3n, favor de contactarse al correo <a class=\"Xx\" dir=\"ltr\" tabindex=\"-1\" href=\"mailto:ncampos@cemeslab.com\" target=\"_blank\" rel=\"nofollow noopener noreferrer\" data-display=\"ncampos@cemeslab.com\" data-sanitized=\"mailto:ncampos@cemeslab.com\">ncampos@cemeslab.com<\/a> y\/o agende su hora...<\/p>\n<\/div><\/div><\/div><div id=\"pgc-65-0-1\"  class=\"panel-grid-cell\" ><div id=\"panel-65-0-1-0\" class=\"so-panel widget widget_black-studio-tinymce widget_black_studio_tinymce panel-first-child panel-last-child\" data-index=\"1\" ><div class=\"textwidget\"><p><div id=\"metaslider-id-227\" style=\"max-width: 700px; margin: 0 auto;\" class=\"ml-slider-3-96-0 metaslider metaslider-flex metaslider-227 ml-slider ms-theme-default nav-hidden\" role=\"region\" aria-roledescription=\"Slideshow\" aria-label=\"Slide Preo\">\n    <div id=\"metaslider_container_227\">\n        <div id=\"metaslider_227\">\n            <ul class='slides'>\n                <li style=\"display: block; width: 100%;\" class=\"slide-259 ms-image \" aria-roledescription=\"slide\" aria-label=\"slide-259\" data-date=\"2015-10-25 13:09:36\"><img loading=\"lazy\" decoding=\"async\" width=\"700\" height=\"466\" src=\"https:\/\/cemeslab.com\/web\/wp-content\/uploads\/2015\/10\/audio.jpg\" class=\"slider-227 slide-259\" alt=\"\" rel=\"\" title=\"\" srcset=\"https:\/\/cemeslab.com\/web\/wp-content\/uploads\/2015\/10\/audio.jpg 700w, https:\/\/cemeslab.com\/web\/wp-content\/uploads\/2015\/10\/audio-300x200.jpg 300w, https:\/\/cemeslab.com\/web\/wp-content\/uploads\/2015\/10\/audio-272x182.jpg 272w\" sizes=\"(max-width: 700px) 100vw, 700px\" \/><\/li>\n                <li style=\"display: none; width: 100%;\" class=\"slide-230 ms-image \" aria-roledescription=\"slide\" aria-label=\"slide-230\" data-date=\"2015-10-14 22:30:37\"><img loading=\"lazy\" decoding=\"async\" width=\"387\" height=\"169\" src=\"https:\/\/cemeslab.com\/web\/wp-content\/uploads\/2015\/10\/trabajadores.jpg\" class=\"slider-227 slide-230\" alt=\"\" rel=\"\" title=\"\" srcset=\"https:\/\/cemeslab.com\/web\/wp-content\/uploads\/2015\/10\/trabajadores.jpg 387w, https:\/\/cemeslab.com\/web\/wp-content\/uploads\/2015\/10\/trabajadores-300x131.jpg 300w\" sizes=\"(max-width: 387px) 100vw, 387px\" \/><\/li>\n                <li style=\"display: none; width: 100%;\" class=\"slide-193 ms-image \" aria-roledescription=\"slide\" aria-label=\"slide-193\" data-date=\"2015-09-19 10:53:52\"><img loading=\"lazy\" decoding=\"async\" width=\"600\" height=\"377\" src=\"https:\/\/cemeslab.com\/web\/wp-content\/uploads\/2015\/08\/manipular_alimentos.png\" class=\"slider-227 slide-193\" alt=\"\" rel=\"\" title=\"\" srcset=\"https:\/\/cemeslab.com\/web\/wp-content\/uploads\/2015\/08\/manipular_alimentos.png 600w, https:\/\/cemeslab.com\/web\/wp-content\/uploads\/2015\/08\/manipular_alimentos-300x189.png 300w\" sizes=\"(max-width: 600px) 100vw, 600px\" \/><\/li>\n            <\/ul>\n        <\/div>\n        \n    <\/div>\n<\/div><\/p>\n<\/div><\/div><\/div><\/div><\/div>","protected":false},"excerpt":{"rendered":"<p>Este servicio se orienta en el \u00e1rea de la salud ocupacional de las empresas. Implementamos una bater\u00eda de ex\u00e1menes que miden si el candidato est\u00e1 apto para el correcto desempe\u00f1o laboral. Ex\u00e1menes de Altura F\u00edsica Ex\u00e1menes de Altura Geogr\u00e1fica Ex\u00e1menes de Espacios Confinados Ex\u00e1menes con Exposici\u00f3n a Polvos Neumoconi\u00f3genos Ex\u00e1menes con Exposici\u00f3n a Ruidos Ex\u00e1menes [&hellip;]<\/p>\n","protected":false},"author":2,"featured_media":167,"parent":0,"menu_order":0,"comment_status":"closed","ping_status":"closed","template":"","meta":{"_joinchat":[],"footnotes":""},"class_list":["post-65","page","type-page","status-publish","has-post-thumbnail","hentry"],"aioseo_notices":[],"_links":{"self":[{"href":"https:\/\/cemeslab.com\/web\/wp-json\/wp\/v2\/pages\/65"}],"collection":[{"href":"https:\/\/cemeslab.com\/web\/wp-json\/wp\/v2\/pages"}],"about":[{"href":"https:\/\/cemeslab.com\/web\/wp-json\/wp\/v2\/types\/page"}],"author":[{"embeddable":true,"href":"https:\/\/cemeslab.com\/web\/wp-json\/wp\/v2\/users\/2"}],"replies":[{"embeddable":true,"href":"https:\/\/cemeslab.com\/web\/wp-json\/wp\/v2\/comments?post=65"}],"version-history":[{"count":18,"href":"https:\/\/cemeslab.com\/web\/wp-json\/wp\/v2\/pages\/65\/revisions"}],"predecessor-version":[{"id":333,"href":"https:\/\/cemeslab.com\/web\/wp-json\/wp\/v2\/pages\/65\/revisions\/333"}],"wp:featuredmedia":[{"embeddable":true,"href":"https:\/\/cemeslab.com\/web\/wp-json\/wp\/v2\/media\/167"}],"wp:attachment":[{"href":"https:\/\/cemeslab.com\/web\/wp-json\/wp\/v2\/media?parent=65"}],"curies":[{"name":"wp","href":"https:\/\/api.w.org\/{rel}","templated":true}]}}